{"id":29,"date":"2024-01-08T10:50:32","date_gmt":"2024-01-08T09:50:32","guid":{"rendered":"http:\/\/nj-prod.fr\/?page_id=29"},"modified":"2024-01-08T12:03:37","modified_gmt":"2024-01-08T11:03:37","slug":"experiences","status":"publish","type":"page","link":"https:\/\/nj-prod.fr\/index.php\/experiences\/","title":{"rendered":"EXPERIENCES"},"content":{"rendered":"\n<h2 class=\"wp-block-heading has-large-font-size\"><strong>ORGANISATION EVENEMENTS SPORTIFS<\/strong><\/h2>\n\n\n\n<p class=\"has-body-font-family has-medium-font-size\" style=\"font-style:normal;font-weight:500\">-&#8221;GRAND PRIX CAMIONS&#8221; : Responsable&nbsp; animations piste, Le Mans, Le Castellet depuis 2014<\/p>\n\n\n\n<p class=\"has-body-font-family has-medium-font-size\" style=\"font-style:normal;font-weight:500\">-&#8221;24H DU MANS&#8221; : Responsable r\u00e9ceptif anciens pilotes, Animation piste, Le Mans depuis 2021<\/p>\n\n\n\n<p class=\"has-body-font-family has-medium-font-size\" style=\"font-style:normal;font-weight:500\">-&#8221;CDM FOOTBALL 2022&#8221; : Aide \u00e0 l&#8217;implantation sur plan des &#8220;fan-zones&#8221; autour des stades, 2022<\/p>\n\n\n\n<p class=\"has-body-font-family has-medium-font-size\" style=\"font-style:normal;font-weight:500\">-&#8221;FRANCE 2023 RUGBY TOUR&#8221; : Responsable&nbsp; des \u00e9quipes logistiques et relations clients, Nationale, 2022 <\/p>\n\n\n\n<p class=\"has-body-font-family has-medium-font-size\" style=\"font-style:normal;font-weight:500\">-&#8221;LE TOUR DE FRANCE&#8221; : Responsable intendance et relations sponsors du village d\u00e9part, depuis 2016<\/p>\n\n\n\n<figure class=\"wp-block-gallery has-nested-images columns-default is-cropped wp-block-gallery-1 is-layout-flex wp-block-gallery-is-layout-flex\">\n<figure class=\"wp-block-image size-large\"><img loading=\"lazy\" decoding=\"async\" width=\"990\" height=\"1024\" data-id=\"43\" src=\"https:\/\/nj-prod.fr\/wp-content\/uploads\/2024\/01\/358150634_817242056773852_4914836740604052098_n-990x1024.jpg\" alt=\"\" class=\"wp-image-43\" srcset=\"https:\/\/nj-prod.fr\/wp-content\/uploads\/2024\/01\/358150634_817242056773852_4914836740604052098_n-990x1024.jpg 990w, https:\/\/nj-prod.fr\/wp-content\/uploads\/2024\/01\/358150634_817242056773852_4914836740604052098_n-290x300.jpg 290w, https:\/\/nj-prod.fr\/wp-content\/uploads\/2024\/01\/358150634_817242056773852_4914836740604052098_n-768x794.jpg 768w, https:\/\/nj-prod.fr\/wp-content\/uploads\/2024\/01\/358150634_817242056773852_4914836740604052098_n.jpg 1365w\" sizes=\"auto, (max-width: 990px) 100vw, 990px\" \/><\/figure>\n\n\n\n<figure class=\"wp-block-image size-large\"><img loading=\"lazy\" decoding=\"async\" width=\"1024\" height=\"576\" data-id=\"38\" src=\"https:\/\/nj-prod.fr\/wp-content\/uploads\/2024\/01\/358151993_817242033440521_3706498443451535944_n-1024x576.jpg\" alt=\"\" class=\"wp-image-38\" srcset=\"https:\/\/nj-prod.fr\/wp-content\/uploads\/2024\/01\/358151993_817242033440521_3706498443451535944_n-1024x576.jpg 1024w, https:\/\/nj-prod.fr\/wp-content\/uploads\/2024\/01\/358151993_817242033440521_3706498443451535944_n-300x169.jpg 300w, https:\/\/nj-prod.fr\/wp-content\/uploads\/2024\/01\/358151993_817242033440521_3706498443451535944_n-768x432.jpg 768w, https:\/\/nj-prod.fr\/wp-content\/uploads\/2024\/01\/358151993_817242033440521_3706498443451535944_n-1536x864.jpg 1536w, https:\/\/nj-prod.fr\/wp-content\/uploads\/2024\/01\/358151993_817242033440521_3706498443451535944_n.jpg 1728w\" sizes=\"auto, (max-width: 1024px) 100vw, 1024px\" \/><\/figure>\n\n\n\n<figure class=\"wp-block-image size-large\"><img loading=\"lazy\" decoding=\"async\" width=\"1024\" height=\"467\" data-id=\"40\" src=\"https:\/\/nj-prod.fr\/wp-content\/uploads\/2024\/01\/364699152_817241846773873_9006572400882766721_n-1024x467.jpg\" alt=\"\" class=\"wp-image-40\" srcset=\"https:\/\/nj-prod.fr\/wp-content\/uploads\/2024\/01\/364699152_817241846773873_9006572400882766721_n-1024x467.jpg 1024w, https:\/\/nj-prod.fr\/wp-content\/uploads\/2024\/01\/364699152_817241846773873_9006572400882766721_n-300x137.jpg 300w, https:\/\/nj-prod.fr\/wp-content\/uploads\/2024\/01\/364699152_817241846773873_9006572400882766721_n-768x350.jpg 768w, https:\/\/nj-prod.fr\/wp-content\/uploads\/2024\/01\/364699152_817241846773873_9006572400882766721_n-1536x700.jpg 1536w, https:\/\/nj-prod.fr\/wp-content\/uploads\/2024\/01\/364699152_817241846773873_9006572400882766721_n.jpg 1728w\" sizes=\"auto, (max-width: 1024px) 100vw, 1024px\" \/><\/figure>\n\n\n\n<figure class=\"wp-block-image size-large\"><img loading=\"lazy\" decoding=\"async\" width=\"1024\" height=\"539\" data-id=\"45\" src=\"https:\/\/nj-prod.fr\/wp-content\/uploads\/2024\/01\/358149689_817242010107190_4148079161883340246_n-1-1024x539.jpg\" alt=\"\" class=\"wp-image-45\" srcset=\"https:\/\/nj-prod.fr\/wp-content\/uploads\/2024\/01\/358149689_817242010107190_4148079161883340246_n-1-1024x539.jpg 1024w, https:\/\/nj-prod.fr\/wp-content\/uploads\/2024\/01\/358149689_817242010107190_4148079161883340246_n-1-300x158.jpg 300w, https:\/\/nj-prod.fr\/wp-content\/uploads\/2024\/01\/358149689_817242010107190_4148079161883340246_n-1-768x404.jpg 768w, https:\/\/nj-prod.fr\/wp-content\/uploads\/2024\/01\/358149689_817242010107190_4148079161883340246_n-1-1536x809.jpg 1536w, https:\/\/nj-prod.fr\/wp-content\/uploads\/2024\/01\/358149689_817242010107190_4148079161883340246_n-1.jpg 2048w\" sizes=\"auto, (max-width: 1024px) 100vw, 1024px\" \/><\/figure>\n\n\n\n<figure class=\"wp-block-image size-large\"><img loading=\"lazy\" decoding=\"async\" width=\"960\" height=\"720\" data-id=\"41\" src=\"https:\/\/nj-prod.fr\/wp-content\/uploads\/2024\/01\/12141631_1542130112743732_7800895932689041481_n.jpg\" alt=\"\" class=\"wp-image-41\" srcset=\"https:\/\/nj-prod.fr\/wp-content\/uploads\/2024\/01\/12141631_1542130112743732_7800895932689041481_n.jpg 960w, https:\/\/nj-prod.fr\/wp-content\/uploads\/2024\/01\/12141631_1542130112743732_7800895932689041481_n-300x225.jpg 300w, https:\/\/nj-prod.fr\/wp-content\/uploads\/2024\/01\/12141631_1542130112743732_7800895932689041481_n-768x576.jpg 768w\" sizes=\"auto, (max-width: 960px) 100vw, 960px\" \/><\/figure>\n\n\n\n<figure class=\"wp-block-image size-large\"><img loading=\"lazy\" decoding=\"async\" width=\"1024\" height=\"734\" data-id=\"60\" src=\"https:\/\/nj-prod.fr\/wp-content\/uploads\/2024\/01\/Capture-1024x734.jpg\" alt=\"\" class=\"wp-image-60\" srcset=\"https:\/\/nj-prod.fr\/wp-content\/uploads\/2024\/01\/Capture-1024x734.jpg 1024w, https:\/\/nj-prod.fr\/wp-content\/uploads\/2024\/01\/Capture-300x215.jpg 300w, https:\/\/nj-prod.fr\/wp-content\/uploads\/2024\/01\/Capture-768x551.jpg 768w, https:\/\/nj-prod.fr\/wp-content\/uploads\/2024\/01\/Capture.jpg 1303w\" sizes=\"auto, (max-width: 1024px) 100vw, 1024px\" \/><\/figure>\n\n\n\n<figure class=\"wp-block-image size-large\"><img loading=\"lazy\" decoding=\"async\" width=\"960\" height=\"640\" data-id=\"37\" src=\"https:\/\/nj-prod.fr\/wp-content\/uploads\/2024\/01\/33129651_2954571731330144_6774998175691309056_n.jpg\" alt=\"\" class=\"wp-image-37\" srcset=\"https:\/\/nj-prod.fr\/wp-content\/uploads\/2024\/01\/33129651_2954571731330144_6774998175691309056_n.jpg 960w, https:\/\/nj-prod.fr\/wp-content\/uploads\/2024\/01\/33129651_2954571731330144_6774998175691309056_n-300x200.jpg 300w, https:\/\/nj-prod.fr\/wp-content\/uploads\/2024\/01\/33129651_2954571731330144_6774998175691309056_n-768x512.jpg 768w\" sizes=\"auto, (max-width: 960px) 100vw, 960px\" \/><\/figure>\n\n\n\n<figure class=\"wp-block-image size-large\"><img loading=\"lazy\" decoding=\"async\" width=\"860\" height=\"421\" data-id=\"42\" src=\"https:\/\/nj-prod.fr\/wp-content\/uploads\/2024\/01\/358148540_817241810107210_8351370673668365523_n.jpg\" alt=\"\" class=\"wp-image-42\" srcset=\"https:\/\/nj-prod.fr\/wp-content\/uploads\/2024\/01\/358148540_817241810107210_8351370673668365523_n.jpg 860w, https:\/\/nj-prod.fr\/wp-content\/uploads\/2024\/01\/358148540_817241810107210_8351370673668365523_n-300x147.jpg 300w, https:\/\/nj-prod.fr\/wp-content\/uploads\/2024\/01\/358148540_817241810107210_8351370673668365523_n-768x376.jpg 768w\" sizes=\"auto, (max-width: 860px) 100vw, 860px\" \/><\/figure>\n<\/figure>\n\n\n\n<h2 class=\"wp-block-heading has-large-font-size\"><strong><strong>ORGANISATION FOIRES ET SALONS<\/strong><\/strong><\/h2>\n\n\n\n<p style=\"font-style:normal;font-weight:500\">-&#8221;SPRING&#8221; : R\u00e9gisseur g\u00e9n\u00e9ral, depuis 2021<\/p>\n\n\n\n<p style=\"font-style:normal;font-weight:500\">-&#8221;MAKER FAIRE&#8221; : R\u00e9gisseur g\u00e9n\u00e9ral,&nbsp; Paris, Lille depuis 2018<\/p>\n\n\n\n<p style=\"font-style:normal;font-weight:500\">-&#8221;CRIP&#8221; \/\/ &#8221;IT PARIS&#8221; : R\u00e9gisseur g\u00e9n\u00e9ral, Paris depuis 2016<\/p>\n\n\n\n<p style=\"font-style:normal;font-weight:500\">-&#8221;PARIS FINTECH FORUM&#8221; : R\u00e9gisseur &nbsp;zone VIP et auditorium, Paris 2018-2019<\/p>\n\n\n\n<p style=\"font-style:normal;font-weight:500\">-&#8221;CAMPUS LM&#8221; \/\/ &#8221;IMD&#8221; : R\u00e9gisseur g\u00e9n\u00e9ral des stands Leroy Merlin sur foires et salons de 2015 \u00e0 2019<\/p>\n\n\n\n<figure class=\"wp-block-gallery has-nested-images columns-default is-cropped wp-block-gallery-2 is-layout-flex wp-block-gallery-is-layout-flex\">\n<figure class=\"wp-block-image size-large\"><img loading=\"lazy\" decoding=\"async\" width=\"768\" height=\"1024\" data-id=\"47\" src=\"https:\/\/nj-prod.fr\/wp-content\/uploads\/2024\/01\/52605278_2085113858445352_5713415996811771904_n-768x1024.jpg\" alt=\"\" class=\"wp-image-47\" srcset=\"https:\/\/nj-prod.fr\/wp-content\/uploads\/2024\/01\/52605278_2085113858445352_5713415996811771904_n-768x1024.jpg 768w, https:\/\/nj-prod.fr\/wp-content\/uploads\/2024\/01\/52605278_2085113858445352_5713415996811771904_n-225x300.jpg 225w, https:\/\/nj-prod.fr\/wp-content\/uploads\/2024\/01\/52605278_2085113858445352_5713415996811771904_n.jpg 904w\" sizes=\"auto, (max-width: 768px) 100vw, 768px\" \/><\/figure>\n\n\n\n<figure class=\"wp-block-image size-large\"><img loading=\"lazy\" decoding=\"async\" width=\"1024\" height=\"403\" data-id=\"50\" src=\"https:\/\/nj-prod.fr\/wp-content\/uploads\/2024\/01\/53076412_2085113995112005_7192047046390448128_n-1024x403.jpg\" alt=\"\" class=\"wp-image-50\"\/><\/figure>\n\n\n\n<figure class=\"wp-block-image size-large\"><img loading=\"lazy\" decoding=\"async\" width=\"1024\" height=\"683\" data-id=\"49\" src=\"https:\/\/nj-prod.fr\/wp-content\/uploads\/2024\/01\/358148046_817241896773868_1930204198157989096_n-1024x683.jpg\" alt=\"\" class=\"wp-image-49\" srcset=\"https:\/\/nj-prod.fr\/wp-content\/uploads\/2024\/01\/358148046_817241896773868_1930204198157989096_n-1024x683.jpg 1024w, https:\/\/nj-prod.fr\/wp-content\/uploads\/2024\/01\/358148046_817241896773868_1930204198157989096_n-300x200.jpg 300w, https:\/\/nj-prod.fr\/wp-content\/uploads\/2024\/01\/358148046_817241896773868_1930204198157989096_n-768x512.jpg 768w, https:\/\/nj-prod.fr\/wp-content\/uploads\/2024\/01\/358148046_817241896773868_1930204198157989096_n.jpg 1440w\" sizes=\"auto, (max-width: 1024px) 100vw, 1024px\" \/><\/figure>\n\n\n\n<figure class=\"wp-block-image size-large\"><img loading=\"lazy\" decoding=\"async\" width=\"871\" height=\"581\" data-id=\"46\" src=\"https:\/\/nj-prod.fr\/wp-content\/uploads\/2024\/01\/358152205_817241946773863_7854848413855865015_n.jpg\" alt=\"\" class=\"wp-image-46\" srcset=\"https:\/\/nj-prod.fr\/wp-content\/uploads\/2024\/01\/358152205_817241946773863_7854848413855865015_n.jpg 871w, https:\/\/nj-prod.fr\/wp-content\/uploads\/2024\/01\/358152205_817241946773863_7854848413855865015_n-300x200.jpg 300w, https:\/\/nj-prod.fr\/wp-content\/uploads\/2024\/01\/358152205_817241946773863_7854848413855865015_n-768x512.jpg 768w\" sizes=\"auto, (max-width: 871px) 100vw, 871px\" \/><\/figure>\n\n\n\n<figure class=\"wp-block-image size-large\"><img loading=\"lazy\" decoding=\"async\" width=\"1024\" height=\"576\" data-id=\"48\" src=\"https:\/\/nj-prod.fr\/wp-content\/uploads\/2024\/01\/14991432_1675766502713425_8729848203398332637_o-1024x576.jpg\" alt=\"\" class=\"wp-image-48\" srcset=\"https:\/\/nj-prod.fr\/wp-content\/uploads\/2024\/01\/14991432_1675766502713425_8729848203398332637_o-1024x576.jpg 1024w, https:\/\/nj-prod.fr\/wp-content\/uploads\/2024\/01\/14991432_1675766502713425_8729848203398332637_o-300x169.jpg 300w, https:\/\/nj-prod.fr\/wp-content\/uploads\/2024\/01\/14991432_1675766502713425_8729848203398332637_o-768x432.jpg 768w, https:\/\/nj-prod.fr\/wp-content\/uploads\/2024\/01\/14991432_1675766502713425_8729848203398332637_o-1536x864.jpg 1536w, https:\/\/nj-prod.fr\/wp-content\/uploads\/2024\/01\/14991432_1675766502713425_8729848203398332637_o.jpg 2048w\" sizes=\"auto, (max-width: 1024px) 100vw, 1024px\" \/><\/figure>\n\n\n\n<figure class=\"wp-block-image size-large\"><img loading=\"lazy\" decoding=\"async\" width=\"960\" height=\"960\" data-id=\"51\" src=\"https:\/\/nj-prod.fr\/wp-content\/uploads\/2024\/01\/53429835_2151421484913055_8713687572053753856_n.jpg\" alt=\"\" class=\"wp-image-51\" srcset=\"https:\/\/nj-prod.fr\/wp-content\/uploads\/2024\/01\/53429835_2151421484913055_8713687572053753856_n.jpg 960w, https:\/\/nj-prod.fr\/wp-content\/uploads\/2024\/01\/53429835_2151421484913055_8713687572053753856_n-300x300.jpg 300w, https:\/\/nj-prod.fr\/wp-content\/uploads\/2024\/01\/53429835_2151421484913055_8713687572053753856_n-150x150.jpg 150w, https:\/\/nj-prod.fr\/wp-content\/uploads\/2024\/01\/53429835_2151421484913055_8713687572053753856_n-768x768.jpg 768w\" sizes=\"auto, (max-width: 960px) 100vw, 960px\" \/><\/figure>\n\n\n\n<figure class=\"wp-block-image size-large\"><img loading=\"lazy\" decoding=\"async\" width=\"1024\" height=\"539\" data-id=\"57\" src=\"https:\/\/nj-prod.fr\/wp-content\/uploads\/2024\/01\/17854944_1738210263135715_5627927979072234834_o-1024x539.jpg\" alt=\"\" class=\"wp-image-57\" srcset=\"https:\/\/nj-prod.fr\/wp-content\/uploads\/2024\/01\/17854944_1738210263135715_5627927979072234834_o-1024x539.jpg 1024w, https:\/\/nj-prod.fr\/wp-content\/uploads\/2024\/01\/17854944_1738210263135715_5627927979072234834_o-300x158.jpg 300w, https:\/\/nj-prod.fr\/wp-content\/uploads\/2024\/01\/17854944_1738210263135715_5627927979072234834_o-768x404.jpg 768w, https:\/\/nj-prod.fr\/wp-content\/uploads\/2024\/01\/17854944_1738210263135715_5627927979072234834_o-1536x808.jpg 1536w, https:\/\/nj-prod.fr\/wp-content\/uploads\/2024\/01\/17854944_1738210263135715_5627927979072234834_o.jpg 2048w\" sizes=\"auto, (max-width: 1024px) 100vw, 1024px\" \/><\/figure>\n<\/figure>\n\n\n\n<h2 class=\"wp-block-heading has-large-font-size\"><strong>SEMINAIRES &#8211; CONVENTIONS<\/strong><\/h2>\n\n\n\n<p style=\"font-style:normal;font-weight:500\">-&#8221;FORMATIONS&#8221; : Direction technique, constructeurs automobiles, depuis 2014<\/p>\n\n\n\n<p style=\"font-style:normal;font-weight:500\">-&#8221;CDE KRYS&#8221; : R\u00e9gisseur salon exposants, depuis 2018 <\/p>\n\n\n\n<p style=\"font-style:normal;font-weight:500\">-&#8221;LANCEMENTS PRODUITS&#8221; : R\u00e9gisseur g\u00e9n\u00e9ral, LAND ROVER &nbsp;\/ BMW \/ DAVIDSON \/ NIKE \/ VINCI &#8230; depuis 2014<\/p>\n\n\n\n<figure class=\"wp-block-gallery has-nested-images columns-default is-cropped wp-block-gallery-3 is-layout-flex wp-block-gallery-is-layout-flex\">\n<figure class=\"wp-block-image size-large\"><img loading=\"lazy\" decoding=\"async\" width=\"1024\" height=\"680\" data-id=\"52\" src=\"https:\/\/nj-prod.fr\/wp-content\/uploads\/2024\/01\/43620141_2019708344985904_1345235455628541952_n-1024x680.jpg\" alt=\"\" class=\"wp-image-52\" srcset=\"https:\/\/nj-prod.fr\/wp-content\/uploads\/2024\/01\/43620141_2019708344985904_1345235455628541952_n-1024x680.jpg 1024w, https:\/\/nj-prod.fr\/wp-content\/uploads\/2024\/01\/43620141_2019708344985904_1345235455628541952_n-300x199.jpg 300w, https:\/\/nj-prod.fr\/wp-content\/uploads\/2024\/01\/43620141_2019708344985904_1345235455628541952_n-768x510.jpg 768w, https:\/\/nj-prod.fr\/wp-content\/uploads\/2024\/01\/43620141_2019708344985904_1345235455628541952_n-1536x1020.jpg 1536w, https:\/\/nj-prod.fr\/wp-content\/uploads\/2024\/01\/43620141_2019708344985904_1345235455628541952_n.jpg 2048w\" sizes=\"auto, (max-width: 1024px) 100vw, 1024px\" \/><\/figure>\n\n\n\n<figure class=\"wp-block-image size-large\"><img loading=\"lazy\" decoding=\"async\" width=\"1024\" height=\"576\" data-id=\"54\" src=\"https:\/\/nj-prod.fr\/wp-content\/uploads\/2024\/01\/52448058_2085113945112010_5067911300173004800_n-1024x576.jpg\" alt=\"\" class=\"wp-image-54\" srcset=\"https:\/\/nj-prod.fr\/wp-content\/uploads\/2024\/01\/52448058_2085113945112010_5067911300173004800_n-1024x576.jpg 1024w, https:\/\/nj-prod.fr\/wp-content\/uploads\/2024\/01\/52448058_2085113945112010_5067911300173004800_n-300x169.jpg 300w, https:\/\/nj-prod.fr\/wp-content\/uploads\/2024\/01\/52448058_2085113945112010_5067911300173004800_n-768x432.jpg 768w, https:\/\/nj-prod.fr\/wp-content\/uploads\/2024\/01\/52448058_2085113945112010_5067911300173004800_n-1536x864.jpg 1536w, https:\/\/nj-prod.fr\/wp-content\/uploads\/2024\/01\/52448058_2085113945112010_5067911300173004800_n.jpg 2048w\" sizes=\"auto, (max-width: 1024px) 100vw, 1024px\" \/><\/figure>\n\n\n\n<figure class=\"wp-block-image size-large\"><img loading=\"lazy\" decoding=\"async\" width=\"1024\" height=\"721\" data-id=\"62\" src=\"https:\/\/nj-prod.fr\/wp-content\/uploads\/2024\/01\/Capture2-1024x721.jpg\" alt=\"\" class=\"wp-image-62\" srcset=\"https:\/\/nj-prod.fr\/wp-content\/uploads\/2024\/01\/Capture2-1024x721.jpg 1024w, https:\/\/nj-prod.fr\/wp-content\/uploads\/2024\/01\/Capture2-300x211.jpg 300w, https:\/\/nj-prod.fr\/wp-content\/uploads\/2024\/01\/Capture2-768x541.jpg 768w, https:\/\/nj-prod.fr\/wp-content\/uploads\/2024\/01\/Capture2.jpg 1330w\" sizes=\"auto, (max-width: 1024px) 100vw, 1024px\" \/><\/figure>\n\n\n\n<figure class=\"wp-block-image size-large\"><img loading=\"lazy\" decoding=\"async\" width=\"1024\" height=\"576\" data-id=\"53\" src=\"https:\/\/nj-prod.fr\/wp-content\/uploads\/2024\/01\/52740103_2085113978445340_5095186816403767296_n-1024x576.jpg\" alt=\"\" class=\"wp-image-53\" srcset=\"https:\/\/nj-prod.fr\/wp-content\/uploads\/2024\/01\/52740103_2085113978445340_5095186816403767296_n-1024x576.jpg 1024w, https:\/\/nj-prod.fr\/wp-content\/uploads\/2024\/01\/52740103_2085113978445340_5095186816403767296_n-300x169.jpg 300w, https:\/\/nj-prod.fr\/wp-content\/uploads\/2024\/01\/52740103_2085113978445340_5095186816403767296_n-768x432.jpg 768w, https:\/\/nj-prod.fr\/wp-content\/uploads\/2024\/01\/52740103_2085113978445340_5095186816403767296_n-1536x864.jpg 1536w, https:\/\/nj-prod.fr\/wp-content\/uploads\/2024\/01\/52740103_2085113978445340_5095186816403767296_n.jpg 2048w\" sizes=\"auto, (max-width: 1024px) 100vw, 1024px\" \/><\/figure>\n\n\n\n<figure class=\"wp-block-image size-large\"><img loading=\"lazy\" decoding=\"async\" width=\"1024\" height=\"424\" data-id=\"56\" src=\"https:\/\/nj-prod.fr\/wp-content\/uploads\/2024\/01\/69637968_2206731632950240_6867626627262578688_n-1024x424.jpg\" alt=\"\" class=\"wp-image-56\" srcset=\"https:\/\/nj-prod.fr\/wp-content\/uploads\/2024\/01\/69637968_2206731632950240_6867626627262578688_n-1024x424.jpg 1024w, https:\/\/nj-prod.fr\/wp-content\/uploads\/2024\/01\/69637968_2206731632950240_6867626627262578688_n-300x124.jpg 300w, https:\/\/nj-prod.fr\/wp-content\/uploads\/2024\/01\/69637968_2206731632950240_6867626627262578688_n-768x318.jpg 768w, https:\/\/nj-prod.fr\/wp-content\/uploads\/2024\/01\/69637968_2206731632950240_6867626627262578688_n.jpg 1491w\" sizes=\"auto, (max-width: 1024px) 100vw, 1024px\" \/><\/figure>\n\n\n\n<figure class=\"wp-block-image size-large\"><img loading=\"lazy\" decoding=\"async\" width=\"821\" height=\"1024\" data-id=\"55\" src=\"https:\/\/nj-prod.fr\/wp-content\/uploads\/2024\/01\/295779115_577164014114992_5666534419522223660_n-821x1024.jpg\" alt=\"\" class=\"wp-image-55\" srcset=\"https:\/\/nj-prod.fr\/wp-content\/uploads\/2024\/01\/295779115_577164014114992_5666534419522223660_n-821x1024.jpg 821w, https:\/\/nj-prod.fr\/wp-content\/uploads\/2024\/01\/295779115_577164014114992_5666534419522223660_n-241x300.jpg 241w, https:\/\/nj-prod.fr\/wp-content\/uploads\/2024\/01\/295779115_577164014114992_5666534419522223660_n-768x957.jpg 768w, https:\/\/nj-prod.fr\/wp-content\/uploads\/2024\/01\/295779115_577164014114992_5666534419522223660_n-1232x1536.jpg 1232w, https:\/\/nj-prod.fr\/wp-content\/uploads\/2024\/01\/295779115_577164014114992_5666534419522223660_n.jpg 1440w\" sizes=\"auto, (max-width: 821px) 100vw, 821px\" \/><\/figure>\n<\/figure>\n\n\n\n<h2 class=\"wp-block-heading has-large-font-size\"><strong>AUTRES<\/strong><\/h2>\n\n\n\n<p>-Responsable d\u2019exploitation = Gestion d&#8217;un centre de profit (management de 15 personnes) \u2018\u2019MisterD\u00e9m\u00e9nagement\u2019\u2019 ; Puiseaux ; 2012 \u00e0 2014<\/p>\n\n\n\n<p>-Directeur Technique = Charg\u00e9 de la construction et de la mise en place du projet sportif (suivi et formation de 12 personnes) \u2018\u2019Chamb\u00e9ry Foot 73\u2019\u2019 ; Chamb\u00e9ry ; 2006 \u00e0 2008 <\/p>\n\n\n\n<p>-Adjoint Responsable P\u00f4le Espoirs = En charge du suivi des joueurs (32 : sportif \/ scolaire \/ m\u00e9dical) ; Suppl\u00e9er le responsable&nbsp;; \u2018\u2019LCF\u2019\u2019 sous tutelle de Jeunesse et Sport ; Ch\u00e2teauroux ; 2003 \u00e0 2005<\/p>\n","protected":false},"excerpt":{"rendered":"<p>ORGANISATION EVENEMENTS SPORTIFS -&#8221;GRAND PRIX CAMIONS&#8221; : Responsable&nbsp; animations piste, Le Mans, Le Castellet depuis 2014 -&#8221;24H DU MANS&#8221; : Responsable r\u00e9ceptif anciens pilotes, Animation piste, Le Mans depuis 2021 -&#8221;CDM FOOTBALL 2022&#8221; : Aide \u00e0 l&#8217;implantation sur plan des &#8220;fan-zones&#8221; autour des stades, 2022 -&#8221;FRANCE 2023 RUGBY TOUR&#8221; : Responsable&nbsp; des \u00e9quipes logistiques et [&hellip;]<\/p>\n","protected":false},"author":1,"featured_media":0,"parent":0,"menu_order":0,"comment_status":"closed","ping_status":"closed","template":"page-no-title","meta":{"footnotes":""},"class_list":["post-29","page","type-page","status-publish","hentry"],"_links":{"self":[{"href":"https:\/\/nj-prod.fr\/index.php\/wp-json\/wp\/v2\/pages\/29","targetHints":{"allow":["GET"]}}],"collection":[{"href":"https:\/\/nj-prod.fr\/index.php\/wp-json\/wp\/v2\/pages"}],"about":[{"href":"https:\/\/nj-prod.fr\/index.php\/wp-json\/wp\/v2\/types\/page"}],"author":[{"embeddable":true,"href":"https:\/\/nj-prod.fr\/index.php\/wp-json\/wp\/v2\/users\/1"}],"replies":[{"embeddable":true,"href":"https:\/\/nj-prod.fr\/index.php\/wp-json\/wp\/v2\/comments?post=29"}],"version-history":[{"count":4,"href":"https:\/\/nj-prod.fr\/index.php\/wp-json\/wp\/v2\/pages\/29\/revisions"}],"predecessor-version":[{"id":63,"href":"https:\/\/nj-prod.fr\/index.php\/wp-json\/wp\/v2\/pages\/29\/revisions\/63"}],"wp:attachment":[{"href":"https:\/\/nj-prod.fr\/index.php\/wp-json\/wp\/v2\/media?parent=29"}],"curies":[{"name":"wp","href":"https:\/\/api.w.org\/{rel}","templated":true}]}}