{"id":25,"date":"2024-01-08T10:27:36","date_gmt":"2024-01-08T09:27:36","guid":{"rendered":"http:\/\/nj-prod.fr\/?page_id=25"},"modified":"2024-01-18T17:38:40","modified_gmt":"2024-01-18T16:38:40","slug":"qui-suis-je","status":"publish","type":"page","link":"https:\/\/nj-prod.fr\/index.php\/qui-suis-je\/","title":{"rendered":"QUI SUIS-JE ?"},"content":{"rendered":"\n<h2 class=\"wp-block-heading has-system-sans-serif-font-family has-x-large-font-size\" style=\"font-style:normal;font-weight:400\">Josselin Nauleau<\/h2>\n\n\n\n<p><em>Titulaire d\u2019une Ma\u00eetrise STAPS, option Entra\u00eenement Sportif et Psychologique accompagn\u00e9e d\u2019un Brevet d\u2019\u00e9tat d\u2019\u00e9ducateur sportif et ancien \u00e9ducateur de P\u00f4le Espoirs, je suis passionn\u00e9 de sport et de cr\u00e9ation de projets.<\/em><\/p>\n\n\n\n<p><em>Je me suis sp\u00e9cialis\u00e9 en 2012 dans l\u2019\u00e9v\u00e9nementiel o\u00f9 j&#8217;ai retrouv\u00e9 mon int\u00e9r\u00eat pour l\u2019application de cahiers des charges et la gestion humaine correspondant au milieu sportif. <\/em><\/p>\n\n\n\n<p><em><em>Ma<\/em><\/em><em style=\"font-style: italic;\"> passion du bricolage, de l\u2019am\u00e9nagement, mes connaissances sur \u2018\u2019Autocad\u2019\u2019 sont des atouts suppl\u00e9mentaires en ad\u00e9quation dans ce domaine.<\/em><i>&nbsp;&nbsp;<\/i><\/p>\n\n\n\n<p><\/p>\n\n\n\n<h2 class=\"wp-block-heading has-system-sans-serif-font-family has-large-font-size\"><strong>Mon R\u00f4le<\/strong><\/h2>\n\n\n\n<p>J&#8217;accompagne l\u2019organisation sur la production<\/p>\n\n\n\n<p>Je coordonne les diff\u00e9rents intervenants tout au long de l\u2019\u00e9v\u00e9nement (production, exploitation).<\/p>\n\n\n\n<p>Je manage avec coh\u00e9rence et bon sens pour anticiper les al\u00e9as et impr\u00e9vus.<\/p>\n\n\n\n<p><\/p>\n\n\n\n<h2 class=\"wp-block-heading has-system-sans-serif-font-family has-large-font-size\"><strong>Mon Profil<\/strong><\/h2>\n\n\n\n<p>Ma personnalit\u00e9 et ma bonne gestion du stress me permettent d\u2019obtenir le meilleur de chacun pour atteindre un objectif commun.<\/p>\n\n\n\n<p>Mes diff\u00e9rentes exp\u00e9riences professionnelles et associatives, me conf\u00e8rent une vision globale avec une vraie valeur ajout\u00e9e.<\/p>\n\n\n\n<p><\/p>\n\n\n\n<h2 class=\"wp-block-heading has-system-sans-serif-font-family has-large-font-size\"><strong>Qualifications<\/strong><\/h2>\n\n\n\n<p><strong>Dipl\u00f4mes<\/strong><\/p>\n\n\n\n<p>-2004 : BEES 1\u00b0 Football<\/p>\n\n\n\n<p>-2003 : Ma\u00eetrise STAPS = Sp\u00e9cialit\u00e9 Entra\u00eenement et Performance, Pr\u00e9paration mentale et physique du sportif<\/p>\n\n\n\n<p>-1999 : BAC SVT = mention AB<\/p>\n\n\n\n<p><strong>Permis<\/strong> <\/p>\n\n\n\n<p>-B = 1999 <\/p>\n\n\n\n<p>-C = 2014 <\/p>\n\n\n\n<p>-CE = 2015<\/p>\n\n\n\n<p><strong>Informations<\/strong><\/p>\n\n\n\n<p>-AFPS = ann\u00e9e 2004<\/p>\n\n\n\n<p>-Informatique = Word, Excel, Power Point, Sony Vegas, Autocad<\/p>\n\n\n\n<p>-2020 : Certificat \u00e9lectrique BS,BE Man\u0153uvre (non recycl\u00e9)<\/p>\n\n\n\n<p>-2022 : EPI Extincteurs<\/p>\n\n\n\n<p><strong>Loisirs<\/strong><strong><\/strong><\/p>\n\n\n\n<p>-Sport : Football \/ Ski<\/p>\n\n\n\n<p>-Bricolage \/ S\u00e9ries<\/p>\n","protected":false},"excerpt":{"rendered":"<p>Josselin Nauleau Titulaire d\u2019une Ma\u00eetrise STAPS, option Entra\u00eenement Sportif et Psychologique accompagn\u00e9e d\u2019un Brevet d\u2019\u00e9tat d\u2019\u00e9ducateur sportif et ancien \u00e9ducateur de P\u00f4le Espoirs, je suis passionn\u00e9 de sport et de cr\u00e9ation de projets. Je me suis sp\u00e9cialis\u00e9 en 2012 dans l\u2019\u00e9v\u00e9nementiel o\u00f9 j&#8217;ai retrouv\u00e9 mon int\u00e9r\u00eat pour l\u2019application de cahiers des charges et la gestion [&hellip;]<\/p>\n","protected":false},"author":1,"featured_media":26,"parent":0,"menu_order":0,"comment_status":"closed","ping_status":"closed","template":"","meta":{"footnotes":""},"class_list":["post-25","page","type-page","status-publish","has-post-thumbnail","hentry"],"_links":{"self":[{"href":"https:\/\/nj-prod.fr\/index.php\/wp-json\/wp\/v2\/pages\/25","targetHints":{"allow":["GET"]}}],"collection":[{"href":"https:\/\/nj-prod.fr\/index.php\/wp-json\/wp\/v2\/pages"}],"about":[{"href":"https:\/\/nj-prod.fr\/index.php\/wp-json\/wp\/v2\/types\/page"}],"author":[{"embeddable":true,"href":"https:\/\/nj-prod.fr\/index.php\/wp-json\/wp\/v2\/users\/1"}],"replies":[{"embeddable":true,"href":"https:\/\/nj-prod.fr\/index.php\/wp-json\/wp\/v2\/comments?post=25"}],"version-history":[{"count":4,"href":"https:\/\/nj-prod.fr\/index.php\/wp-json\/wp\/v2\/pages\/25\/revisions"}],"predecessor-version":[{"id":125,"href":"https:\/\/nj-prod.fr\/index.php\/wp-json\/wp\/v2\/pages\/25\/revisions\/125"}],"wp:featuredmedia":[{"embeddable":true,"href":"https:\/\/nj-prod.fr\/index.php\/wp-json\/wp\/v2\/media\/26"}],"wp:attachment":[{"href":"https:\/\/nj-prod.fr\/index.php\/wp-json\/wp\/v2\/media?parent=25"}],"curies":[{"name":"wp","href":"https:\/\/api.w.org\/{rel}","templated":true}]}}